{"id":3122,"date":"2024-09-26T20:43:16","date_gmt":"2024-09-26T18:43:16","guid":{"rendered":"https:\/\/majesticclinicsmile.com\/pont-dentaire\/"},"modified":"2024-10-13T00:20:43","modified_gmt":"2024-10-12T22:20:43","slug":"pont-dentaire","status":"publish","type":"page","link":"https:\/\/majesticclinicsmile.com\/fr\/pont-dentaire\/","title":{"rendered":"Pont dentaire"},"content":{"rendered":"\t\t<div data-elementor-type=\"wp-page\" data-elementor-id=\"3122\" class=\"elementor elementor-3122 elementor-2585\" data-elementor-settings=\"{&quot;ha_cmc_init_switcher&quot;:&quot;no&quot;}\" data-elementor-post-type=\"page\">\n\t\t\t\t<div class=\"elementor-element elementor-element-9ed9f46 e-con-full e-flex e-con e-parent\" data-id=\"9ed9f46\" data-element_type=\"container\" data-settings=\"{&quot;ekit_has_onepagescroll_dot&quot;:&quot;yes&quot;}\">\n\t\t<div class=\"elementor-element elementor-element-cee116f e-con-full e-flex e-con e-child\" data-id=\"cee116f\" data-element_type=\"container\" data-settings=\"{&quot;background_background&quot;:&quot;classic&quot;,&quot;ekit_has_onepagescroll_dot&quot;:&quot;yes&quot;}\">\n\t\t<div class=\"elementor-element elementor-element-895a122 e-con-full animated-slow e-flex e-con e-child\" data-id=\"895a122\" data-element_type=\"container\" data-settings=\"{&quot;animation&quot;:&quot;none&quot;,&quot;ekit_has_onepagescroll_dot&quot;:&quot;yes&quot;}\">\n\t\t\t\t<div class=\"elementor-element elementor-element-06e5077 elementor-widget elementor-widget-heading\" data-id=\"06e5077\" data-element_type=\"widget\" data-settings=\"{&quot;ekit_we_effect_on&quot;:&quot;none&quot;}\" data-widget_type=\"heading.default\">\n\t\t\t\t<div class=\"elementor-widget-container\">\n\t\t\t\t\t<h1 class=\"elementor-heading-title elementor-size-default\">Clinique de bridge dentaire \u00e0 Istanbul, Turquie<\/h1>\t\t\t\t<\/div>\n\t\t\t\t<\/div>\n\t\t\t\t<div class=\"elementor-element elementor-element-5ca4fd3 elementor-widget elementor-widget-text-editor\" data-id=\"5ca4fd3\" data-element_type=\"widget\" data-settings=\"{&quot;ekit_we_effect_on&quot;:&quot;none&quot;}\" data-widget_type=\"text-editor.default\">\n\t\t\t\t<div class=\"elementor-widget-container\">\n\t\t\t\t\t\t\t\t\t<p><img fetchpriority=\"high\" decoding=\"async\" class=\"aligncenter wp-image-2654 size-full\" src=\"https:\/\/majesticclinicsmile.com\/wp-content\/uploads\/2024\/09\/Dental-Bridge-Clinic-in-Istanbul-Turkey-Installation-Procedure-and-Costs.jpg\" alt=\"Clinique de bridge dentaire \u00e0 Istanbul, Turquie : Installation, proc\u00e9dure et co\u00fbts - Majestic Clinic Smile\" width=\"1024\" height=\"543\" title=\"\" srcset=\"https:\/\/majesticclinicsmile.com\/wp-content\/uploads\/2024\/09\/Dental-Bridge-Clinic-in-Istanbul-Turkey-Installation-Procedure-and-Costs.jpg 1024w, https:\/\/majesticclinicsmile.com\/wp-content\/uploads\/2024\/09\/Dental-Bridge-Clinic-in-Istanbul-Turkey-Installation-Procedure-and-Costs-300x159.jpg 300w, https:\/\/majesticclinicsmile.com\/wp-content\/uploads\/2024\/09\/Dental-Bridge-Clinic-in-Istanbul-Turkey-Installation-Procedure-and-Costs-768x407.jpg 768w\" sizes=\"(max-width: 1024px) 100vw, 1024px\" \/><\/p>\n<p>Bienvenue \u00e0 la Majestic Clinic Smile, votre premi\u00e8re <a href=\"https:\/\/api.whatsapp.com\/send?phone=905333963368\" rel=\"nofollow noopener\" target=\"_blank\">clinique de bridge dentaire \u00e0 Istanbul<\/a>. Nous nous engageons \u00e0 vous fournir un <a href=\"https:\/\/g.co\/kgs\/gVFjeo3\" rel=\"nofollow\">traitement de bridge dentaire de<\/a> qualit\u00e9 sup\u00e9rieure r\u00e9pondant aux normes europ\u00e9ennes. Situ\u00e9e au c\u0153ur de Beyo\u011flu, \u00e0 Istanbul, notre clinique offre des installations de pointe et des professionnels qualifi\u00e9s pour vous aider \u00e0 obtenir un sourire confiant.  <\/p>\n<h2><strong>Qu&rsquo;est-ce qu&rsquo;un pont dentaire ?<\/strong><\/h2>\n<p>Un bridge dentaire est un dispositif proth\u00e9tique utilis\u00e9 pour remplacer une ou plusieurs dents manquantes. Il se compose de deux ou plusieurs couronnes pour les dents situ\u00e9es de part et d&rsquo;autre de l&rsquo;espace et d&rsquo;une fausse dent entre les deux. Ce traitement permet non seulement de retrouver le sourire, mais aussi d&rsquo;am\u00e9liorer la sant\u00e9 bucco-dentaire en emp\u00eachant les dents voisines de se d\u00e9placer.  <\/p>\n<h3><strong>Le processus de pose d&rsquo;un bridge dentaire \u00e0 Istanbul<\/strong><\/h3>\n<p><strong>Le processus d&rsquo;<a href=\"https:\/\/api.whatsapp.com\/send?phone=905333963368\" rel=\"nofollow noopener\" target=\"_blank\">installation d&rsquo;un bridge dentaire \u00e0 Istanbul<\/a> comprend g\u00e9n\u00e9ralement les \u00e9tapes suivantes :<\/strong><\/p>\n<ol>\n<li><strong>Consultation initiale :<\/strong> Notre \u00e9quipe d&rsquo;experts proc\u00e9dera \u00e0 un examen approfondi de vos dents et de vos gencives. Nous discuterons des options qui s&rsquo;offrent \u00e0 vous et d\u00e9terminerons si un traitement dentaire est le bon choix pour vous. <\/li>\n<li><strong>Pr\u00e9paration :<\/strong> Vos dents adjacentes seront pr\u00e9par\u00e9es pour supporter le bridge. Il s&rsquo;agit g\u00e9n\u00e9ralement de les remodeler pour qu&rsquo;elles puissent recevoir des couronnes. <\/li>\n<li><strong>Empreintes :<\/strong> Nous prendrons des empreintes d\u00e9taill\u00e9es de votre bouche afin de cr\u00e9er un bridge sur mesure qui s&rsquo;adapte parfaitement.<\/li>\n<li><strong>Pont temporaire :<\/strong> Un bridge temporaire peut \u00eatre mis en place pendant que votre bridge permanent est en cours de fabrication.<\/li>\n<li><strong>Mise en place finale :<\/strong> Une fois que votre bridge permanent est pr\u00eat, nous le mettons en place et veillons \u00e0 ce qu&rsquo;il soit parfaitement adapt\u00e9, en proc\u00e9dant \u00e0 tous les ajustements n\u00e9cessaires.<\/li>\n<\/ol>\n<p><em><strong>Pr\u00eat \u00e0 restaurer votre sourire ? <a href=\"https:\/\/api.whatsapp.com\/send?phone=905333963368\" rel=\"nofollow noopener\" target=\"_blank\">Contactez-nous d\u00e8s aujourd&rsquo;hui pour une consultation<\/a>!<\/strong><\/em><\/p>\n<h2><strong>Co\u00fbt du traitement par bridge dentaire \u00e0 Istanbul<\/strong><\/h2>\n<p>En ce qui concerne les co\u00fbts des traitements dentaires \u00e0 Istanbul, vous constaterez que nos prix sont comp\u00e9titifs. Plusieurs facteurs influencent le co\u00fbt global, notamment le type de bridge, les mat\u00e9riaux utilis\u00e9s et la complexit\u00e9 de votre cas. <\/p>\n<p><em><strong>Vous cherchez des <a href=\"https:\/\/g.co\/kgs\/gVFjeo3\" rel=\"nofollow\">solutions dentaires<\/a> abordables <a href=\"https:\/\/g.co\/kgs\/gVFjeo3\" rel=\"nofollow\">pr\u00e8s de chez vous<\/a>? Demandez un devis gratuit d\u00e8s maintenant ! <\/strong><\/em><\/p>\n<h2><strong>Pourquoi nous choisir pour un traitement de bridge dentaire ?<\/strong><\/h2>\n<p><img decoding=\"async\" class=\"aligncenter wp-image-2659 size-full\" src=\"https:\/\/majesticclinicsmile.com\/wp-content\/uploads\/2024\/09\/Why-Choose-Us-for-Dental-Bridge-Treatment.jpg\" alt=\"Pourquoi nous choisir pour un traitement de bridge dentaire - Pourquoi nous choisir pour un traitement de bridge dentaire\" width=\"1024\" height=\"543\" title=\"\" srcset=\"https:\/\/majesticclinicsmile.com\/wp-content\/uploads\/2024\/09\/Why-Choose-Us-for-Dental-Bridge-Treatment.jpg 1024w, https:\/\/majesticclinicsmile.com\/wp-content\/uploads\/2024\/09\/Why-Choose-Us-for-Dental-Bridge-Treatment-300x159.jpg 300w, https:\/\/majesticclinicsmile.com\/wp-content\/uploads\/2024\/09\/Why-Choose-Us-for-Dental-Bridge-Treatment-768x407.jpg 768w\" sizes=\"(max-width: 1024px) 100vw, 1024px\" \/><\/p>\n<p>\u00c0 la <a href=\"https:\/\/majesticclinicsmile.com\/fr\/\">Majestic Clinic Smile<\/a>, nous sommes fiers de fournir des soins de haute qualit\u00e9 et un <a href=\"https:\/\/majesticclinicsmile.com\/fr\/contactez-nous\/\">traitement<\/a> efficace <a href=\"https:\/\/majesticclinicsmile.com\/fr\/contactez-nous\/\">des bridges dentaires<\/a>. Nos professionnels dentaires exp\u00e9riment\u00e9s utilisent les derni\u00e8res technologies et adh\u00e8rent \u00e0 des normes europ\u00e9ennes strictes pour garantir la s\u00e9curit\u00e9 et l&rsquo;efficacit\u00e9 de votre traitement.<br \/>Que vous soyez situ\u00e9 \u00e0 <a href=\"https:\/\/g.co\/kgs\/gVFjeo3\" rel=\"nofollow\">Beyo\u011flu ou dans d&rsquo;autres quartiers d&rsquo;Istanbul<\/a>, nous sommes votre choix de confiance pour l&rsquo;<a href=\"https:\/\/api.whatsapp.com\/send?phone=905333963368\" rel=\"nofollow noopener\" target=\"_blank\">installation d&rsquo;un bridge \u00e0 Istanbul<\/a>. N&rsquo;attendez plus pour obtenir le sourire dont vous avez toujours r\u00eav\u00e9 !  <\/p>\n<p>Pour plus d&rsquo;informations ou pour <a href=\"https:\/\/majesticclinicsmile.com\/fr\/contactez-nous\/\">prendre rendez-vous<\/a>, <a href=\"https:\/\/api.whatsapp.com\/send?phone=905333963368\" rel=\"nofollow noopener\" target=\"_blank\">prenez rendez-vous avec nous d\u00e8s aujourd&rsquo;hui<\/a>!<\/p>\n\t\t\t\t\t\t\t\t<\/div>\n\t\t\t\t<\/div>\n\t\t\t\t<\/div>\n\t\t\t\t<\/div>\n\t\t\t\t<\/div>\n\t\t<div class=\"elementor-element elementor-element-f539213 e-con-full e-flex e-con e-parent\" data-id=\"f539213\" data-element_type=\"container\" data-settings=\"{&quot;ekit_has_onepagescroll_dot&quot;:&quot;yes&quot;}\">\n\t\t<div class=\"elementor-element elementor-element-a174baf e-con-full e-flex e-con e-child\" data-id=\"a174baf\" data-element_type=\"container\" data-settings=\"{&quot;background_background&quot;:&quot;classic&quot;,&quot;ekit_has_onepagescroll_dot&quot;:&quot;yes&quot;}\">\n\t\t<div class=\"elementor-element elementor-element-0054371 e-con-full e-flex e-con e-child\" data-id=\"0054371\" data-element_type=\"container\" data-settings=\"{&quot;ekit_has_onepagescroll_dot&quot;:&quot;yes&quot;}\">\n\t\t\t\t<div class=\"elementor-element elementor-element-2e82b91 elementor-widget elementor-widget-heading\" data-id=\"2e82b91\" data-element_type=\"widget\" data-settings=\"{&quot;ekit_we_effect_on&quot;:&quot;none&quot;}\" data-widget_type=\"heading.default\">\n\t\t\t\t<div class=\"elementor-widget-container\">\n\t\t\t\t\t<h2 class=\"elementor-heading-title elementor-size-default\">Offre sp\u00e9ciale<\/h2>\t\t\t\t<\/div>\n\t\t\t\t<\/div>\n\t\t\t\t<div class=\"elementor-element elementor-element-45a6fcd elementor-widget elementor-widget-heading\" data-id=\"45a6fcd\" data-element_type=\"widget\" data-settings=\"{&quot;ekit_we_effect_on&quot;:&quot;none&quot;}\" data-widget_type=\"heading.default\">\n\t\t\t\t<div class=\"elementor-widget-container\">\n\t\t\t\t\t<h2 class=\"elementor-heading-title elementor-size-default\">Obtenez un bilan de sant\u00e9 gratuit<\/h2>\t\t\t\t<\/div>\n\t\t\t\t<\/div>\n\t\t\t\t<div class=\"elementor-element elementor-element-313f3cb elementor-mobile-align-center elementor-widget elementor-widget-button\" data-id=\"313f3cb\" data-element_type=\"widget\" data-settings=\"{&quot;ekit_we_effect_on&quot;:&quot;none&quot;}\" data-widget_type=\"button.default\">\n\t\t\t\t<div class=\"elementor-widget-container\">\n\t\t\t\t\t\t\t\t\t<div class=\"elementor-button-wrapper\">\n\t\t\t\t\t<a class=\"elementor-button elementor-button-link elementor-size-sm\" href=\"https:\/\/api.whatsapp.com\/send?phone=905333963368\" rel=\"nofollow noopener\" target=\"_blank\">\n\t\t\t\t\t\t<span class=\"elementor-button-content-wrapper\">\n\t\t\t\t\t\t\t\t\t<span class=\"elementor-button-text\">R\u00e9servez d\u00e8s maintenant<\/span>\n\t\t\t\t\t<\/span>\n\t\t\t\t\t<\/a>\n\t\t\t\t<\/div>\n\t\t\t\t\t\t\t\t<\/div>\n\t\t\t\t<\/div>\n\t\t\t\t<\/div>\n\t\t<div class=\"elementor-element elementor-element-4356fc6 e-flex e-con-boxed e-con e-child\" data-id=\"4356fc6\" data-element_type=\"container\" data-settings=\"{&quot;ekit_has_onepagescroll_dot&quot;:&quot;yes&quot;}\">\n\t\t\t\t\t<div class=\"e-con-inner\">\n\t\t\t\t<div class=\"elementor-element elementor-element-e2f6932 elementor-widget elementor-widget-image\" data-id=\"e2f6932\" data-element_type=\"widget\" data-settings=\"{&quot;ekit_we_effect_on&quot;:&quot;none&quot;}\" data-widget_type=\"image.default\">\n\t\t\t\t<div class=\"elementor-widget-container\">\n\t\t\t\t\t\t\t\t\t\t\t\t\t\t\t<img decoding=\"async\" width=\"394\" height=\"365\" src=\"https:\/\/majesticclinicsmile.com\/wp-content\/uploads\/2024\/08\/clock-pic.webp\" class=\"attachment-large size-large wp-image-226\" alt=\"Treatment\" srcset=\"https:\/\/majesticclinicsmile.com\/wp-content\/uploads\/2024\/08\/clock-pic.webp 394w, https:\/\/majesticclinicsmile.com\/wp-content\/uploads\/2024\/08\/clock-pic-300x278.webp 300w\" sizes=\"(max-width: 394px) 100vw, 394px\" title=\"\">\t\t\t\t\t\t\t\t\t\t\t\t\t\t\t<\/div>\n\t\t\t\t<\/div>\n\t\t\t\t\t<\/div>\n\t\t\t\t<\/div>\n\t\t\t\t<\/div>\n\t\t\t\t<\/div>\n\t\t\t\t<\/div>\n\t\t","protected":false},"excerpt":{"rendered":"<p>Clinique de bridge dentaire \u00e0 Istanbul, Turquie Bienvenue \u00e0 la Majestic Clinic Smile, votre premi\u00e8re clinique de bridge dentaire \u00e0 Istanbul. Nous nous engageons \u00e0 vous fournir un traitement de bridge dentaire de qualit\u00e9 sup\u00e9rieure r\u00e9pondant aux normes europ\u00e9ennes. Situ\u00e9e au c\u0153ur de Beyo\u011flu, \u00e0 Istanbul, notre clinique offre des installations de pointe et des [&hellip;]<\/p>\n","protected":false},"author":2,"featured_media":0,"parent":0,"menu_order":0,"comment_status":"closed","ping_status":"closed","template":"","meta":{"_acf_changed":false,"inline_featured_image":false,"footnotes":""},"class_list":["post-3122","page","type-page","status-publish","hentry"],"acf":[],"_links":{"self":[{"href":"https:\/\/majesticclinicsmile.com\/fr\/wp-json\/wp\/v2\/pages\/3122","targetHints":{"allow":["GET"]}}],"collection":[{"href":"https:\/\/majesticclinicsmile.com\/fr\/wp-json\/wp\/v2\/pages"}],"about":[{"href":"https:\/\/majesticclinicsmile.com\/fr\/wp-json\/wp\/v2\/types\/page"}],"author":[{"embeddable":true,"href":"https:\/\/majesticclinicsmile.com\/fr\/wp-json\/wp\/v2\/users\/2"}],"replies":[{"embeddable":true,"href":"https:\/\/majesticclinicsmile.com\/fr\/wp-json\/wp\/v2\/comments?post=3122"}],"version-history":[{"count":1,"href":"https:\/\/majesticclinicsmile.com\/fr\/wp-json\/wp\/v2\/pages\/3122\/revisions"}],"predecessor-version":[{"id":3123,"href":"https:\/\/majesticclinicsmile.com\/fr\/wp-json\/wp\/v2\/pages\/3122\/revisions\/3123"}],"wp:attachment":[{"href":"https:\/\/majesticclinicsmile.com\/fr\/wp-json\/wp\/v2\/media?parent=3122"}],"curies":[{"name":"wp","href":"https:\/\/api.w.org\/{rel}","templated":true}]}}