{"id":3174,"date":"2024-09-28T07:43:11","date_gmt":"2024-09-28T05:43:11","guid":{"rendered":"https:\/\/majesticclinicsmile.com\/traitement-de-canal-radiculaire\/"},"modified":"2024-10-13T16:01:42","modified_gmt":"2024-10-13T14:01:42","slug":"traitement-de-canal-radiculaire","status":"publish","type":"page","link":"https:\/\/majesticclinicsmile.com\/fr\/traitement-de-canal-radiculaire\/","title":{"rendered":"Traitement de canal radiculaire"},"content":{"rendered":"\t\t<div data-elementor-type=\"wp-page\" data-elementor-id=\"3174\" class=\"elementor elementor-3174 elementor-2589\" data-elementor-settings=\"{&quot;ha_cmc_init_switcher&quot;:&quot;no&quot;}\" data-elementor-post-type=\"page\">\n\t\t\t\t<div class=\"elementor-element elementor-element-9ed9f46 e-con-full e-flex e-con e-parent\" data-id=\"9ed9f46\" data-element_type=\"container\" data-settings=\"{&quot;ekit_has_onepagescroll_dot&quot;:&quot;yes&quot;}\">\n\t\t<div class=\"elementor-element elementor-element-cee116f e-con-full e-flex e-con e-child\" data-id=\"cee116f\" data-element_type=\"container\" data-settings=\"{&quot;background_background&quot;:&quot;classic&quot;,&quot;ekit_has_onepagescroll_dot&quot;:&quot;yes&quot;}\">\n\t\t<div class=\"elementor-element elementor-element-895a122 e-con-full animated-slow e-flex e-con e-child\" data-id=\"895a122\" data-element_type=\"container\" data-settings=\"{&quot;animation&quot;:&quot;none&quot;,&quot;ekit_has_onepagescroll_dot&quot;:&quot;yes&quot;}\">\n\t\t\t\t<div class=\"elementor-element elementor-element-06e5077 elementor-widget elementor-widget-heading\" data-id=\"06e5077\" data-element_type=\"widget\" data-settings=\"{&quot;ekit_we_effect_on&quot;:&quot;none&quot;}\" data-widget_type=\"heading.default\">\n\t\t\t\t<div class=\"elementor-widget-container\">\n\t\t\t\t\t<h1 class=\"elementor-heading-title elementor-size-default\">Traitement de canal radiculaire \u00e0 Istanbul<\/h1>\t\t\t\t<\/div>\n\t\t\t\t<\/div>\n\t\t\t\t<div class=\"elementor-element elementor-element-5ca4fd3 elementor-widget elementor-widget-text-editor\" data-id=\"5ca4fd3\" data-element_type=\"widget\" data-settings=\"{&quot;ekit_we_effect_on&quot;:&quot;none&quot;}\" data-widget_type=\"text-editor.default\">\n\t\t\t\t<div class=\"elementor-widget-container\">\n\t\t\t\t\t\t\t\t\t<p><img fetchpriority=\"high\" decoding=\"async\" class=\"aligncenter wp-image-2836 size-full\" src=\"https:\/\/majesticclinicsmile.com\/wp-content\/uploads\/2024\/09\/Best-Root-Canal-Treatment-in-Istanbul-Turkey-Cost-Procedure.jpg\" alt=\"Meilleur traitement de canal radiculaire \u00e0 Istanbul, Turquie : Co\u00fbt, Proc\u00e9dure - Clinique Majestic\" width=\"1024\" height=\"543\" title=\"\" srcset=\"https:\/\/majesticclinicsmile.com\/wp-content\/uploads\/2024\/09\/Best-Root-Canal-Treatment-in-Istanbul-Turkey-Cost-Procedure.jpg 1024w, https:\/\/majesticclinicsmile.com\/wp-content\/uploads\/2024\/09\/Best-Root-Canal-Treatment-in-Istanbul-Turkey-Cost-Procedure-300x159.jpg 300w, https:\/\/majesticclinicsmile.com\/wp-content\/uploads\/2024\/09\/Best-Root-Canal-Treatment-in-Istanbul-Turkey-Cost-Procedure-768x407.jpg 768w\" sizes=\"(max-width: 1024px) 100vw, 1024px\" \/><\/p>\n<p>\u00c0 la Clinique Majestic, situ\u00e9e au c\u0153ur de <a href=\"https:\/\/g.co\/kgs\/gVFjeo3\" rel=\"nofollow\">Beyo\u011flu\/Istanbul<\/a>, nous offrons le meilleur traitement de canal radiculaire \u00e0 Istanbul, Turquie. Notre \u00e9quipe de dentistes exp\u00e9riment\u00e9s, dirig\u00e9e par un sp\u00e9cialiste <a href=\"https:\/\/api.whatsapp.com\/send?phone=905333963368\" rel=\"nofollow noopener\" target=\"_blank\">en traitement de canal<\/a>, utilise les derni\u00e8res technologies et respecte les normes europ\u00e9ennes pour fournir un traitement s\u00fbr et efficace. <\/p>\n<h2><strong>Qu&rsquo;est-ce qu&rsquo;un traitement de canal radiculaire ?<\/strong><\/h2>\n<p>Le <a href=\"https:\/\/api.whatsapp.com\/send?phone=905333963368\" rel=\"nofollow noopener\" target=\"_blank\">traitement de canal radiculaire <\/a>est une proc\u00e9dure utilis\u00e9e pour r\u00e9parer une dent endommag\u00e9e ou infect\u00e9e. Au cours de la proc\u00e9dure, notre dentiste sp\u00e9cialis\u00e9 en traitement de canal \u00e0 Istanbul retirera la pulpe infect\u00e9e et nettoiera la zone afin de pr\u00e9venir d&rsquo;autres dommages. <\/p>\n<h3><strong>Proc\u00e9dure de traitement de canal radiculaire :<\/strong><\/h3>\n<p><strong>Notre proc\u00e9dure de traitement de canal \u00e0 Istanbul comprend les \u00e9tapes suivantes :<\/strong><\/p>\n<p><strong>Pr\u00e9paration<\/strong> : Notre \u00e9quipe pr\u00e9parera la dent en appliquant un anesth\u00e9sique local et en retirant les zones cari\u00e9es ou endommag\u00e9es. <br \/><strong>Acc\u00e8s<\/strong> : Notre dentiste sp\u00e9cialis\u00e9 en traitement de canal \u00e0 Istanbul cr\u00e9era un petit trou d&rsquo;acc\u00e8s pour atteindre la chambre pulpaire. <br \/><strong>Nettoyage<\/strong> : La pulpe infect\u00e9e est retir\u00e9e et la zone est nettoy\u00e9e afin de pr\u00e9venir d&rsquo;autres dommages. <br \/><strong>Mise en forme<\/strong> : Le canal est fa\u00e7onn\u00e9 pour recevoir un mat\u00e9riau de remplissage. <br \/><strong>Remplissage<\/strong> : Un mat\u00e9riau sp\u00e9cial est utilis\u00e9 pour remplir le canal et sceller la dent.<\/p>\n<h2><strong>Affordable Root Canal Treatment<\/strong><\/h2>\n<p>Nous comprenons que les soins dentaires peuvent \u00eatre co\u00fbteux. C&rsquo;est pourquoi nous proposons un traitement de c<a href=\"https:\/\/api.whatsapp.com\/send?phone=905333963368\" rel=\"nofollow noopener\" target=\"_blank\">anal radiculaire abordable \u00e0 Istanbul, en Turquie.<\/a> Notre \u00e9quipe travaillera avec vous pour \u00e9laborer un plan de traitement personnalis\u00e9 qui correspond \u00e0 votre budget et \u00e0 vos besoins.<\/p>\n<p><strong>Obtenez un sourire \u00e9clatant avec nos services de traitement de canal radiculaire ! <a href=\"https:\/\/api.whatsapp.com\/send?phone=905333963368\" rel=\"nofollow noopener\" target=\"_blank\">R\u00e9servez d\u00e8s maintenant<\/a><\/strong><\/p>\n<h3><strong>Vous cherchez un traitement de canal radiculaire pr\u00e8s de chez vous ?<\/strong><\/h3>\n<p>La <a href=\"https:\/\/majesticclinicsmile.com\/fr\/contactez-nous\/\">Clinique Majestic<\/a> est votre destination unique pour tous vos besoins en<a href=\"https:\/\/g.co\/kgs\/gVFjeo3\" rel=\"nofollow\"> traitement de canal radiculaire<\/a> \u00e0 Beyo\u011flu\/Istanbul. Notre \u00e9quipe est d\u00e9di\u00e9e \u00e0 fournir un <a href=\"https:\/\/www.facebook.com\/majesticlinicofficial\" rel=\"nofollow noopener\" target=\"_blank\">traitement<\/a> s\u00fbr et efficace, et nous nous engageons \u00e0 rendre votre exp\u00e9rience aussi confortable que possible. <\/p>\n<p><em><strong>D\u00e9couvrez comment nos services de <a href=\"https:\/\/api.whatsapp.com\/send?phone=905333963368\" rel=\"nofollow noopener\" target=\"_blank\">traitement de canal radiculaire <\/a>peuvent vous aider \u00e0 obtenir un sourire plus \u00e9clatant ! <\/strong><\/em><\/p>\n<p><strong>\u00c0 quoi s&rsquo;attendre :<\/strong><\/p>\n<ul>\n<li><strong>Consultation gratuite <\/strong>: Nous offrons une <a href=\"https:\/\/api.whatsapp.com\/send?phone=905333963368\" rel=\"nofollow noopener\" target=\"_blank\">consultation gratuite<\/a> pour discuter de votre traitement de canal \u00e0 Istanbul et r\u00e9pondre \u00e0 toutes vos questions.<\/li>\n<li><strong>Plan de traitement personnalis\u00e9 <\/strong>: Nous \u00e9tablirons un plan de traitement sur mesure, adapt\u00e9 \u00e0 vos besoins et objectifs sp\u00e9cifiques.<\/li>\n<li><strong>Traitement s\u00fbr et efficace <\/strong>: Nous utilisons uniquement les meilleurs mat\u00e9riaux et techniques pour garantir un traitement de canal radiculaire s\u00fbr et efficace \u00e0 Istanbul.<\/li>\n<\/ul>\n<p><strong><a href=\"https:\/\/api.whatsapp.com\/send?phone=905333963368\" rel=\"nofollow noopener\" target=\"_blank\">Obtenez un devis <\/a>pour nos services de traitement de canal radiculaire d\u00e8s aujourd&rsquo;hui et commencez votre <a href=\"https:\/\/majesticclinicsmile.com\/fr\/traitement\/\">parcours<\/a> vers un sourire plus \u00e9clatant !<\/strong><\/p>\n\t\t\t\t\t\t\t\t<\/div>\n\t\t\t\t<\/div>\n\t\t\t\t<\/div>\n\t\t\t\t<\/div>\n\t\t\t\t<\/div>\n\t\t<div class=\"elementor-element elementor-element-f539213 e-con-full e-flex e-con e-parent\" data-id=\"f539213\" data-element_type=\"container\" data-settings=\"{&quot;ekit_has_onepagescroll_dot&quot;:&quot;yes&quot;}\">\n\t\t<div class=\"elementor-element elementor-element-a174baf e-con-full e-flex e-con e-child\" data-id=\"a174baf\" data-element_type=\"container\" data-settings=\"{&quot;background_background&quot;:&quot;classic&quot;,&quot;ekit_has_onepagescroll_dot&quot;:&quot;yes&quot;}\">\n\t\t<div class=\"elementor-element elementor-element-0054371 e-con-full e-flex e-con e-child\" data-id=\"0054371\" data-element_type=\"container\" data-settings=\"{&quot;ekit_has_onepagescroll_dot&quot;:&quot;yes&quot;}\">\n\t\t\t\t<div class=\"elementor-element elementor-element-2e82b91 elementor-widget elementor-widget-heading\" data-id=\"2e82b91\" data-element_type=\"widget\" data-settings=\"{&quot;ekit_we_effect_on&quot;:&quot;none&quot;}\" data-widget_type=\"heading.default\">\n\t\t\t\t<div class=\"elementor-widget-container\">\n\t\t\t\t\t<h2 class=\"elementor-heading-title elementor-size-default\">Offre sp\u00e9ciale<\/h2>\t\t\t\t<\/div>\n\t\t\t\t<\/div>\n\t\t\t\t<div class=\"elementor-element elementor-element-45a6fcd elementor-widget elementor-widget-heading\" data-id=\"45a6fcd\" data-element_type=\"widget\" data-settings=\"{&quot;ekit_we_effect_on&quot;:&quot;none&quot;}\" data-widget_type=\"heading.default\">\n\t\t\t\t<div class=\"elementor-widget-container\">\n\t\t\t\t\t<h2 class=\"elementor-heading-title elementor-size-default\">Obtenez un bilan de sant\u00e9 gratuit<\/h2>\t\t\t\t<\/div>\n\t\t\t\t<\/div>\n\t\t\t\t<div class=\"elementor-element elementor-element-313f3cb elementor-mobile-align-center elementor-widget elementor-widget-button\" data-id=\"313f3cb\" data-element_type=\"widget\" data-settings=\"{&quot;ekit_we_effect_on&quot;:&quot;none&quot;}\" data-widget_type=\"button.default\">\n\t\t\t\t<div class=\"elementor-widget-container\">\n\t\t\t\t\t\t\t\t\t<div class=\"elementor-button-wrapper\">\n\t\t\t\t\t<a class=\"elementor-button elementor-button-link elementor-size-sm\" href=\"https:\/\/api.whatsapp.com\/send?phone=905333963368\" rel=\"nofollow noopener\" target=\"_blank\">\n\t\t\t\t\t\t<span class=\"elementor-button-content-wrapper\">\n\t\t\t\t\t\t\t\t\t<span class=\"elementor-button-text\">R\u00e9servez d\u00e8s maintenant<\/span>\n\t\t\t\t\t<\/span>\n\t\t\t\t\t<\/a>\n\t\t\t\t<\/div>\n\t\t\t\t\t\t\t\t<\/div>\n\t\t\t\t<\/div>\n\t\t\t\t<\/div>\n\t\t<div class=\"elementor-element elementor-element-4356fc6 e-flex e-con-boxed e-con e-child\" data-id=\"4356fc6\" data-element_type=\"container\" data-settings=\"{&quot;ekit_has_onepagescroll_dot&quot;:&quot;yes&quot;}\">\n\t\t\t\t\t<div class=\"e-con-inner\">\n\t\t\t\t<div class=\"elementor-element elementor-element-e2f6932 elementor-widget elementor-widget-image\" data-id=\"e2f6932\" data-element_type=\"widget\" data-settings=\"{&quot;ekit_we_effect_on&quot;:&quot;none&quot;}\" data-widget_type=\"image.default\">\n\t\t\t\t<div class=\"elementor-widget-container\">\n\t\t\t\t\t\t\t\t\t\t\t\t\t\t\t<img decoding=\"async\" width=\"394\" height=\"365\" src=\"https:\/\/majesticclinicsmile.com\/wp-content\/uploads\/2024\/08\/clock-pic.webp\" class=\"attachment-large size-large wp-image-226\" alt=\"Treatment\" srcset=\"https:\/\/majesticclinicsmile.com\/wp-content\/uploads\/2024\/08\/clock-pic.webp 394w, https:\/\/majesticclinicsmile.com\/wp-content\/uploads\/2024\/08\/clock-pic-300x278.webp 300w\" sizes=\"(max-width: 394px) 100vw, 394px\" title=\"\">\t\t\t\t\t\t\t\t\t\t\t\t\t\t\t<\/div>\n\t\t\t\t<\/div>\n\t\t\t\t\t<\/div>\n\t\t\t\t<\/div>\n\t\t\t\t<\/div>\n\t\t\t\t<\/div>\n\t\t\t\t<\/div>\n\t\t","protected":false},"excerpt":{"rendered":"<p>Traitement de canal radiculaire \u00e0 Istanbul \u00c0 la Clinique Majestic, situ\u00e9e au c\u0153ur de Beyo\u011flu\/Istanbul, nous offrons le meilleur traitement de canal radiculaire \u00e0 Istanbul, Turquie. Notre \u00e9quipe de dentistes exp\u00e9riment\u00e9s, dirig\u00e9e par un sp\u00e9cialiste en traitement de canal, utilise les derni\u00e8res technologies et respecte les normes europ\u00e9ennes pour fournir un traitement s\u00fbr et efficace. [&hellip;]<\/p>\n","protected":false},"author":2,"featured_media":0,"parent":0,"menu_order":0,"comment_status":"closed","ping_status":"closed","template":"","meta":{"_acf_changed":false,"inline_featured_image":false,"footnotes":""},"class_list":["post-3174","page","type-page","status-publish","hentry"],"acf":[],"_links":{"self":[{"href":"https:\/\/majesticclinicsmile.com\/fr\/wp-json\/wp\/v2\/pages\/3174","targetHints":{"allow":["GET"]}}],"collection":[{"href":"https:\/\/majesticclinicsmile.com\/fr\/wp-json\/wp\/v2\/pages"}],"about":[{"href":"https:\/\/majesticclinicsmile.com\/fr\/wp-json\/wp\/v2\/types\/page"}],"author":[{"embeddable":true,"href":"https:\/\/majesticclinicsmile.com\/fr\/wp-json\/wp\/v2\/users\/2"}],"replies":[{"embeddable":true,"href":"https:\/\/majesticclinicsmile.com\/fr\/wp-json\/wp\/v2\/comments?post=3174"}],"version-history":[{"count":1,"href":"https:\/\/majesticclinicsmile.com\/fr\/wp-json\/wp\/v2\/pages\/3174\/revisions"}],"predecessor-version":[{"id":3175,"href":"https:\/\/majesticclinicsmile.com\/fr\/wp-json\/wp\/v2\/pages\/3174\/revisions\/3175"}],"wp:attachment":[{"href":"https:\/\/majesticclinicsmile.com\/fr\/wp-json\/wp\/v2\/media?parent=3174"}],"curies":[{"name":"wp","href":"https:\/\/api.w.org\/{rel}","templated":true}]}}