{"id":3104,"date":"2024-09-26T10:54:13","date_gmt":"2024-09-26T08:54:13","guid":{"rendered":"https:\/\/majesticclinicsmile.com\/periodontoloji\/"},"modified":"2024-10-12T21:59:43","modified_gmt":"2024-10-12T19:59:43","slug":"periodontoloji","status":"publish","type":"page","link":"https:\/\/majesticclinicsmile.com\/tr\/periodontoloji\/","title":{"rendered":"Periodontoloji"},"content":{"rendered":"\t\t<div data-elementor-type=\"wp-page\" data-elementor-id=\"3104\" class=\"elementor elementor-3104 elementor-2559\" data-elementor-settings=\"{&quot;ha_cmc_init_switcher&quot;:&quot;no&quot;}\" data-elementor-post-type=\"page\">\n\t\t\t\t<div class=\"elementor-element elementor-element-9ed9f46 e-con-full e-flex e-con e-parent\" data-id=\"9ed9f46\" data-element_type=\"container\" data-settings=\"{&quot;ekit_has_onepagescroll_dot&quot;:&quot;yes&quot;}\">\n\t\t<div class=\"elementor-element elementor-element-cee116f e-con-full e-flex e-con e-child\" data-id=\"cee116f\" data-element_type=\"container\" data-settings=\"{&quot;background_background&quot;:&quot;classic&quot;,&quot;ekit_has_onepagescroll_dot&quot;:&quot;yes&quot;}\">\n\t\t<div class=\"elementor-element elementor-element-895a122 e-con-full animated-slow e-flex e-con e-child\" data-id=\"895a122\" data-element_type=\"container\" data-settings=\"{&quot;animation&quot;:&quot;none&quot;,&quot;ekit_has_onepagescroll_dot&quot;:&quot;yes&quot;}\">\n\t\t\t\t<div class=\"elementor-element elementor-element-06e5077 elementor-widget elementor-widget-heading\" data-id=\"06e5077\" data-element_type=\"widget\" data-settings=\"{&quot;ekit_we_effect_on&quot;:&quot;none&quot;}\" data-widget_type=\"heading.default\">\n\t\t\t\t<div class=\"elementor-widget-container\">\n\t\t\t\t\t<h1 class=\"elementor-heading-title elementor-size-default\">\u0130stanbul'da Periodontoloji Di\u015f Klini\u011fi<\/h1>\t\t\t\t<\/div>\n\t\t\t\t<\/div>\n\t\t\t\t<div class=\"elementor-element elementor-element-5ca4fd3 elementor-widget elementor-widget-text-editor\" data-id=\"5ca4fd3\" data-element_type=\"widget\" data-settings=\"{&quot;ekit_we_effect_on&quot;:&quot;none&quot;}\" data-widget_type=\"text-editor.default\">\n\t\t\t\t<div class=\"elementor-widget-container\">\n\t\t\t\t\t\t\t\t\t<p><img fetchpriority=\"high\" decoding=\"async\" class=\"aligncenter wp-image-2720 size-full\" src=\"https:\/\/majesticclinicsmile.com\/wp-content\/uploads\/2024\/09\/Best-Periodontist-Dental-Clinic-in-Istanbul-Turkey-Majestic-Clinic-Smile.jpg\" alt=\"\u0130stanbul, T\u00fcrkiye&#039;deki En \u0130yi Periodontoloji Di\u015f Klini\u011fi - Majestic Clinic\" width=\"1024\" height=\"543\" title=\"\" srcset=\"https:\/\/majesticclinicsmile.com\/wp-content\/uploads\/2024\/09\/Best-Periodontist-Dental-Clinic-in-Istanbul-Turkey-Majestic-Clinic-Smile.jpg 1024w, https:\/\/majesticclinicsmile.com\/wp-content\/uploads\/2024\/09\/Best-Periodontist-Dental-Clinic-in-Istanbul-Turkey-Majestic-Clinic-Smile-300x159.jpg 300w, https:\/\/majesticclinicsmile.com\/wp-content\/uploads\/2024\/09\/Best-Periodontist-Dental-Clinic-in-Istanbul-Turkey-Majestic-Clinic-Smile-768x407.jpg 768w\" sizes=\"(max-width: 1024px) 100vw, 1024px\" \/><\/p>\n<p><a href=\"https:\/\/g.co\/kgs\/gVFjeo3\" rel=\"nofollow\">\u0130stanbul Beyo\u011flu&#8217;nun<\/a> kalbinde bulunan birinci s\u0131n\u0131f <a href=\"https:\/\/api.whatsapp.com\/send?phone=905333963368\" rel=\"nofollow noopener\" target=\"_blank\">Periodontoloji Di\u015f Klini\u011finiz<\/a> <a href=\"https:\/\/majesticclinicsmile.com\/tr\/\">Majestic Clinic<\/a> &#8216;a ho\u015f geldiniz. Di\u015f eti hastal\u0131\u011f\u0131yla m\u00fccadele ediyor olun, periodontal cerrahiye ihtiyac\u0131n\u0131z olsun veya g\u00fcl\u00fcmsemenizi geli\u015ftirmek isteyin, <a href=\"https:\/\/g.co\/kgs\/gVFjeo3\" rel=\"nofollow\">uzman di\u015f hekimlerinden<\/a> olu\u015fan ekibimiz Avrupa standartlar\u0131na uygun birinci s\u0131n\u0131f di\u015f bak\u0131m\u0131 sa\u011flamak i\u00e7in burada. <\/p>\n<p>Beyo\u011flu&#8217;ndaki <a href=\"https:\/\/majesticclinicsmile.com\/tr\/tedavi\/\">Periodontoloji Hizmetlerimiz<\/a> Hakk\u0131nda Daha Fazla Bilgi Almak \u0130\u00e7in<a href=\"https:\/\/api.whatsapp.com\/send?phone=905333963368\" rel=\"nofollow noopener\" target=\"_blank\"> Bizimle \u0130leti\u015fime Ge\u00e7in!<\/a><\/p>\n<h2><strong>Periodontoloji Nedir?<\/strong><\/h2>\n<p>Periodontoloji, di\u015f eti hastal\u0131klar\u0131 ve di\u015f etleri, kemikler ve ba\u011flar dahil olmak \u00fczere di\u015flerin destekleyici yap\u0131lar\u0131n\u0131 etkileyen durumlar\u0131n \u00f6nlenmesi, te\u015fhisi ve tedavisine odaklanan bir di\u015f hekimli\u011fi dal\u0131d\u0131r. Periodontistler, a\u011f\u0131z sa\u011fl\u0131\u011f\u0131n\u0131z\u0131 geri kazand\u0131rmak ve di\u015f kayb\u0131n\u0131z\u0131 \u00f6nlemek i\u00e7in \u00e7e\u015fitli tedaviler sunabilen y\u00fcksek e\u011fitimli di\u015f hekimli\u011fi uzmanlar\u0131d\u0131r. <\/p>\n<h2><strong>\u0130stanbul Beyo\u011flu&#8217;ndaki Periodontoloji Hizmetlerimiz<\/strong><\/h2>\n<ul>\n<li><strong>Di\u015f ta\u015f\u0131 temizli\u011fi ve k\u00f6k planyalama:<\/strong> Bu cerrahi olmayan prosed\u00fcr, di\u015f eti hastal\u0131\u011f\u0131n\u0131 erken a\u015famalar\u0131nda tedavi etmek i\u00e7in di\u015flerin k\u00f6k y\u00fczeylerindeki plak ve tartar birikimini giderir.<\/li>\n<li><strong>Di\u015f Eti Grefti:<\/strong> Bu cerrahi prosed\u00fcr, esteti\u011fi iyile\u015ftirmek ve altta yatan kemi\u011fi daha fazla hasardan korumak i\u00e7in kaybedilen di\u015f eti dokusunun yerini al\u0131r.<br \/>Flep<\/li>\n<li><strong>Ameliyat:<\/strong> Bu cerrahi prosed\u00fcr, derinlemesine temizlik ve ilerlemi\u015f di\u015f eti hastal\u0131\u011f\u0131n\u0131n tedavisi i\u00e7in k\u00f6k y\u00fczeylerine ve kemi\u011fe eri\u015fim sa\u011flar.<\/li>\n<li><strong>Gingivektomi:<\/strong> Bu cerrahi prosed\u00fcr, di\u015f eti g\u00fcl\u00fc\u015f\u00fcn\u00fcn g\u00f6r\u00fcn\u00fcm\u00fcn\u00fc iyile\u015ftirmek i\u00e7in fazla di\u015f eti dokusunu \u00e7\u0131kar\u0131r.<\/li>\n<li><strong>Gingivoplasti:<\/strong> Bu cerrahi prosed\u00fcr, daha d\u00fczg\u00fcn ve estetik a\u00e7\u0131dan ho\u015f bir g\u00fcl\u00fcmseme i\u00e7in di\u015f eti dokusunu yeniden \u015fekillendirir.<\/li>\n<li><strong>Kemik Cerrahisi:<\/strong> Bu cerrahi prosed\u00fcr, sa\u011fl\u0131kl\u0131 di\u015fleri ve di\u015f etlerini desteklemek i\u00e7in hasarl\u0131 veya rezorbe olmu\u015f kemik dokusunu onar\u0131r.<\/li>\n<li><strong>Dental Lazerler:<\/strong> Periodontistler di\u015f eti hastal\u0131klar\u0131n\u0131n hassas ve minimal invaziv tedavisi i\u00e7in lazer kullanabilirler.<\/li>\n<li><strong>Konak Mod\u00fclat\u00f6rleri:<\/strong> Bu ila\u00e7lar v\u00fccudun ba\u011f\u0131\u015f\u0131kl\u0131k tepkisini d\u00fczenlemeye ve di\u015f eti hastal\u0131\u011f\u0131 olan hastalarda iyile\u015fmeyi desteklemeye yard\u0131mc\u0131 olabilir.<\/li>\n<\/ul>\n<p><strong><em>Uzman Periodontoloji Tedavisi ile <a href=\"https:\/\/api.whatsapp.com\/send?phone=905333963368\" rel=\"nofollow noopener\" target=\"_blank\">Sa\u011fl\u0131kl\u0131 G\u00fcl\u00fc\u015f\u00fcn\u00fcz\u00fc Geri<\/a> Kazan\u0131n!<\/em><\/strong><\/p>\n<p><a href=\"https:\/\/g.co\/kgs\/gVFjeo3\" rel=\"nofollow\">Size yak\u0131n<\/a> bir <a href=\"https:\/\/g.co\/kgs\/gVFjeo3\" rel=\"nofollow\">periodontist<\/a> mi ar\u0131yorsunuz? Ba\u015fka yere bakmay\u0131n! Kons\u00fcltasyon i\u00e7in <a href=\"https:\/\/api.whatsapp.com\/send?phone=905333963368\" rel=\"nofollow noopener\" target=\"_blank\">bug\u00fcn ekibimizle ileti\u015fime<\/a> ge\u00e7in ve di\u015f etlerinizi sa\u011fl\u0131kl\u0131 tutmam\u0131za izin verin! <\/p>\n<h3><strong>Daha Sa\u011fl\u0131kl\u0131 Di\u015f Eti Yolculu\u011funuza Ba\u015flay\u0131n<\/strong><\/h3>\n<p><img decoding=\"async\" class=\"aligncenter wp-image-2730 size-full\" src=\"https:\/\/majesticclinicsmile.com\/wp-content\/uploads\/2024\/09\/Get-Started-on-Your-Journey-to-Healthier-Gums.jpg\" alt=\"Daha Sa\u011fl\u0131kl\u0131 Di\u015f Eti Yolculu\u011funuza Ba\u015flay\u0131n - Majestic Clinic Smile\" width=\"1024\" height=\"543\" title=\"\" srcset=\"https:\/\/majesticclinicsmile.com\/wp-content\/uploads\/2024\/09\/Get-Started-on-Your-Journey-to-Healthier-Gums.jpg 1024w, https:\/\/majesticclinicsmile.com\/wp-content\/uploads\/2024\/09\/Get-Started-on-Your-Journey-to-Healthier-Gums-300x159.jpg 300w, https:\/\/majesticclinicsmile.com\/wp-content\/uploads\/2024\/09\/Get-Started-on-Your-Journey-to-Healthier-Gums-768x407.jpg 768w\" sizes=\"(max-width: 1024px) 100vw, 1024px\" \/><\/p>\n<p>\u0130yi di\u015f eti sa\u011fl\u0131\u011f\u0131n\u0131 korumak genel sa\u011fl\u0131\u011f\u0131n\u0131z i\u00e7in hayati \u00f6nem ta\u015f\u0131r. Kendini i\u015fine adam\u0131\u015f personelimiz, size \u00f6zel kapsaml\u0131 de\u011ferlendirmeler ve etkili tedavi planlar\u0131 sunmaktad\u0131r. \u0130stanbul halk\u0131na gururla hizmet veriyor ve hizmetlerimizin yak\u0131nlar\u0131nda bir periodontist arayan herkes i\u00e7in eri\u015filebilir olmas\u0131n\u0131 sa\u011fl\u0131yoruz.  <\/p>\n<p>Periodontal ihtiya\u00e7lar\u0131n\u0131z\u0131 g\u00f6r\u00fc\u015fmek ve mevcut <a href=\"https:\/\/majesticclinicsmile.com\/tr\/tedavi\/\">en iyi tedavi<\/a> se\u00e7eneklerini ke\u015ffetmek i\u00e7in <a href=\"https:\/\/api.whatsapp.com\/send?phone=905333963368\" rel=\"nofollow noopener\" target=\"_blank\">bug\u00fcn<\/a> <a href=\"https:\/\/majesticclinicsmile.com\/tr\/\">Majestic Clinic Smile<\/a> &#8216;da <a href=\"https:\/\/api.whatsapp.com\/send?phone=905333963368\" rel=\"nofollow noopener\" target=\"_blank\">bizimle ileti\u015fime ge\u00e7in<\/a>. G\u00fcl\u00fc\u015f\u00fcn\u00fcz uzman bak\u0131m\u0131n\u0131 hak ediyor! <\/p>\n\t\t\t\t\t\t\t\t<\/div>\n\t\t\t\t<\/div>\n\t\t\t\t<\/div>\n\t\t\t\t<\/div>\n\t\t\t\t<\/div>\n\t\t<div class=\"elementor-element elementor-element-f539213 e-con-full e-flex e-con e-parent\" data-id=\"f539213\" data-element_type=\"container\" data-settings=\"{&quot;ekit_has_onepagescroll_dot&quot;:&quot;yes&quot;}\">\n\t\t<div class=\"elementor-element elementor-element-a174baf e-con-full e-flex e-con e-child\" data-id=\"a174baf\" data-element_type=\"container\" data-settings=\"{&quot;background_background&quot;:&quot;classic&quot;,&quot;ekit_has_onepagescroll_dot&quot;:&quot;yes&quot;}\">\n\t\t<div class=\"elementor-element elementor-element-0054371 e-con-full e-flex e-con e-child\" data-id=\"0054371\" data-element_type=\"container\" data-settings=\"{&quot;ekit_has_onepagescroll_dot&quot;:&quot;yes&quot;}\">\n\t\t\t\t<div class=\"elementor-element elementor-element-2e82b91 elementor-widget elementor-widget-heading\" data-id=\"2e82b91\" data-element_type=\"widget\" data-settings=\"{&quot;ekit_we_effect_on&quot;:&quot;none&quot;}\" data-widget_type=\"heading.default\">\n\t\t\t\t<div class=\"elementor-widget-container\">\n\t\t\t\t\t<h2 class=\"elementor-heading-title elementor-size-default\">\u00d6zel Teklif<\/h2>\t\t\t\t<\/div>\n\t\t\t\t<\/div>\n\t\t\t\t<div class=\"elementor-element elementor-element-45a6fcd elementor-widget elementor-widget-heading\" data-id=\"45a6fcd\" data-element_type=\"widget\" data-settings=\"{&quot;ekit_we_effect_on&quot;:&quot;none&quot;}\" data-widget_type=\"heading.default\">\n\t\t\t\t<div class=\"elementor-widget-container\">\n\t\t\t\t\t<h2 class=\"elementor-heading-title elementor-size-default\">\u00dccretsiz Sa\u011fl\u0131k Kontrol\u00fc Al\u0131n<\/h2>\t\t\t\t<\/div>\n\t\t\t\t<\/div>\n\t\t\t\t<div class=\"elementor-element elementor-element-313f3cb elementor-mobile-align-center elementor-widget elementor-widget-button\" data-id=\"313f3cb\" data-element_type=\"widget\" data-settings=\"{&quot;ekit_we_effect_on&quot;:&quot;none&quot;}\" data-widget_type=\"button.default\">\n\t\t\t\t<div class=\"elementor-widget-container\">\n\t\t\t\t\t\t\t\t\t<div class=\"elementor-button-wrapper\">\n\t\t\t\t\t<a class=\"elementor-button elementor-button-link elementor-size-sm\" href=\"https:\/\/api.whatsapp.com\/send?phone=905333963368\" rel=\"nofollow noopener\" target=\"_blank\">\n\t\t\t\t\t\t<span class=\"elementor-button-content-wrapper\">\n\t\t\t\t\t\t\t\t\t<span class=\"elementor-button-text\">\u015eimdi Rezervasyon Yap\u0131n<\/span>\n\t\t\t\t\t<\/span>\n\t\t\t\t\t<\/a>\n\t\t\t\t<\/div>\n\t\t\t\t\t\t\t\t<\/div>\n\t\t\t\t<\/div>\n\t\t\t\t<\/div>\n\t\t<div class=\"elementor-element elementor-element-4356fc6 e-flex e-con-boxed e-con e-child\" data-id=\"4356fc6\" data-element_type=\"container\" data-settings=\"{&quot;ekit_has_onepagescroll_dot&quot;:&quot;yes&quot;}\">\n\t\t\t\t\t<div class=\"e-con-inner\">\n\t\t\t\t<div class=\"elementor-element elementor-element-e2f6932 elementor-widget elementor-widget-image\" data-id=\"e2f6932\" data-element_type=\"widget\" data-settings=\"{&quot;ekit_we_effect_on&quot;:&quot;none&quot;}\" data-widget_type=\"image.default\">\n\t\t\t\t<div class=\"elementor-widget-container\">\n\t\t\t\t\t\t\t\t\t\t\t\t\t\t\t<img decoding=\"async\" width=\"394\" height=\"365\" src=\"https:\/\/majesticclinicsmile.com\/wp-content\/uploads\/2024\/08\/clock-pic.webp\" class=\"attachment-large size-large wp-image-226\" alt=\"Treatment\" srcset=\"https:\/\/majesticclinicsmile.com\/wp-content\/uploads\/2024\/08\/clock-pic.webp 394w, https:\/\/majesticclinicsmile.com\/wp-content\/uploads\/2024\/08\/clock-pic-300x278.webp 300w\" sizes=\"(max-width: 394px) 100vw, 394px\" title=\"\">\t\t\t\t\t\t\t\t\t\t\t\t\t\t\t<\/div>\n\t\t\t\t<\/div>\n\t\t\t\t\t<\/div>\n\t\t\t\t<\/div>\n\t\t\t\t<\/div>\n\t\t\t\t<\/div>\n\t\t\t\t<\/div>\n\t\t","protected":false},"excerpt":{"rendered":"<p>\u0130stanbul&#8217;da Periodontoloji Di\u015f Klini\u011fi \u0130stanbul Beyo\u011flu&#8217;nun kalbinde bulunan birinci s\u0131n\u0131f Periodontoloji Di\u015f Klini\u011finiz Majestic Clinic &#8216;a ho\u015f geldiniz. Di\u015f eti hastal\u0131\u011f\u0131yla m\u00fccadele ediyor olun, periodontal cerrahiye ihtiyac\u0131n\u0131z olsun veya g\u00fcl\u00fcmsemenizi geli\u015ftirmek isteyin, uzman di\u015f hekimlerinden olu\u015fan ekibimiz Avrupa standartlar\u0131na uygun birinci s\u0131n\u0131f di\u015f bak\u0131m\u0131 sa\u011flamak i\u00e7in burada. Beyo\u011flu&#8217;ndaki Periodontoloji Hizmetlerimiz Hakk\u0131nda Daha Fazla Bilgi Almak [&hellip;]<\/p>\n","protected":false},"author":2,"featured_media":0,"parent":0,"menu_order":0,"comment_status":"closed","ping_status":"closed","template":"","meta":{"_acf_changed":false,"inline_featured_image":false,"footnotes":""},"class_list":["post-3104","page","type-page","status-publish","hentry"],"acf":[],"_links":{"self":[{"href":"https:\/\/majesticclinicsmile.com\/tr\/wp-json\/wp\/v2\/pages\/3104","targetHints":{"allow":["GET"]}}],"collection":[{"href":"https:\/\/majesticclinicsmile.com\/tr\/wp-json\/wp\/v2\/pages"}],"about":[{"href":"https:\/\/majesticclinicsmile.com\/tr\/wp-json\/wp\/v2\/types\/page"}],"author":[{"embeddable":true,"href":"https:\/\/majesticclinicsmile.com\/tr\/wp-json\/wp\/v2\/users\/2"}],"replies":[{"embeddable":true,"href":"https:\/\/majesticclinicsmile.com\/tr\/wp-json\/wp\/v2\/comments?post=3104"}],"version-history":[{"count":1,"href":"https:\/\/majesticclinicsmile.com\/tr\/wp-json\/wp\/v2\/pages\/3104\/revisions"}],"predecessor-version":[{"id":3105,"href":"https:\/\/majesticclinicsmile.com\/tr\/wp-json\/wp\/v2\/pages\/3104\/revisions\/3105"}],"wp:attachment":[{"href":"https:\/\/majesticclinicsmile.com\/tr\/wp-json\/wp\/v2\/media?parent=3104"}],"curies":[{"name":"wp","href":"https:\/\/api.w.org\/{rel}","templated":true}]}}