{"id":3155,"date":"2024-09-28T07:20:30","date_gmt":"2024-09-28T05:20:30","guid":{"rendered":"https:\/\/majesticclinicsmile.com\/dis-kaplamalari\/"},"modified":"2024-10-13T00:53:25","modified_gmt":"2024-10-12T22:53:25","slug":"dis-kaplamalari","status":"publish","type":"page","link":"https:\/\/majesticclinicsmile.com\/tr\/dis-kaplamalari\/","title":{"rendered":"Di\u015f Kaplamalar\u0131"},"content":{"rendered":"\t\t<div data-elementor-type=\"wp-page\" data-elementor-id=\"3155\" class=\"elementor elementor-3155 elementor-2583\" data-elementor-settings=\"{&quot;ha_cmc_init_switcher&quot;:&quot;no&quot;}\" data-elementor-post-type=\"page\">\n\t\t\t\t<div class=\"elementor-element elementor-element-9ed9f46 e-con-full e-flex e-con e-parent\" data-id=\"9ed9f46\" data-element_type=\"container\" data-settings=\"{&quot;ekit_has_onepagescroll_dot&quot;:&quot;yes&quot;}\">\n\t\t<div class=\"elementor-element elementor-element-cee116f e-con-full e-flex e-con e-child\" data-id=\"cee116f\" data-element_type=\"container\" data-settings=\"{&quot;background_background&quot;:&quot;classic&quot;,&quot;ekit_has_onepagescroll_dot&quot;:&quot;yes&quot;}\">\n\t\t<div class=\"elementor-element elementor-element-895a122 e-con-full animated-slow e-flex e-con e-child\" data-id=\"895a122\" data-element_type=\"container\" data-settings=\"{&quot;animation&quot;:&quot;none&quot;,&quot;ekit_has_onepagescroll_dot&quot;:&quot;yes&quot;}\">\n\t\t\t\t<div class=\"elementor-element elementor-element-06e5077 elementor-widget elementor-widget-heading\" data-id=\"06e5077\" data-element_type=\"widget\" data-settings=\"{&quot;ekit_we_effect_on&quot;:&quot;none&quot;}\" data-widget_type=\"heading.default\">\n\t\t\t\t<div class=\"elementor-widget-container\">\n\t\t\t\t\t<h1 class=\"elementor-heading-title elementor-size-default\">\u0130stanbul'daki Di\u015f Kaplama Klini\u011fi<\/h1>\t\t\t\t<\/div>\n\t\t\t\t<\/div>\n\t\t\t\t<div class=\"elementor-element elementor-element-5ca4fd3 elementor-widget elementor-widget-text-editor\" data-id=\"5ca4fd3\" data-element_type=\"widget\" data-settings=\"{&quot;ekit_we_effect_on&quot;:&quot;none&quot;}\" data-widget_type=\"text-editor.default\">\n\t\t\t\t<div class=\"elementor-widget-container\">\n\t\t\t\t\t\t\t\t\t<p><img fetchpriority=\"high\" decoding=\"async\" class=\"aligncenter wp-image-2826 size-full\" src=\"https:\/\/majesticclinicsmile.com\/wp-content\/uploads\/2024\/09\/Dental-Veneers-Clinic-in-Istanbul-Turkey.jpg\" alt=\"\u0130stanbul, T\u00fcrkiye&#039;deki Di\u015f Kaplama Klini\u011fi: Tam Di\u015f Kaplamalar - Majestic Klinik G\u00fcl\u00fc\u015f\u00fc\" width=\"1024\" height=\"543\" title=\"\" srcset=\"https:\/\/majesticclinicsmile.com\/wp-content\/uploads\/2024\/09\/Dental-Veneers-Clinic-in-Istanbul-Turkey.jpg 1024w, https:\/\/majesticclinicsmile.com\/wp-content\/uploads\/2024\/09\/Dental-Veneers-Clinic-in-Istanbul-Turkey-300x159.jpg 300w, https:\/\/majesticclinicsmile.com\/wp-content\/uploads\/2024\/09\/Dental-Veneers-Clinic-in-Istanbul-Turkey-768x407.jpg 768w\" sizes=\"(max-width: 1024px) 100vw, 1024px\" \/><\/p>\n<p>Majestic Klinik G\u00fcl\u00fc\u015f\u00fc&#8217;ne ho\u015f geldiniz! \u0130stanbul&#8217;un g\u00fcvenilir di\u015f kaplama klini\u011fi olarak, y\u00fcksek kaliteli di\u015f kaplamalar\u0131 ile g\u00fczel ve g\u00fcven dolu g\u00fcl\u00fc\u015fler yaratmaya odaklan\u0131yoruz. <a href=\"https:\/\/g.co\/kgs\/gVFjeo3\" rel=\"nofollow\">\u0130stanbul&#8217;un canl\u0131 Beyo\u011flu<\/a> b\u00f6lgesinde bulunan klini\u011fimiz, Avrupa standartlar\u0131na uygun <a href=\"https:\/\/majesticclinicsmile.com\/tr\/estetik-dis-hekimi\/\">estetik di\u015f hekimli\u011fi hizmetleri<\/a> sunarak g\u00fcvenli\u011finizi ve memnuniyetinizi garanti eder. <\/p>\n<h2>Neden Di\u015f Kaplamalar\u0131n\u0131 Tercih Etmelisiniz?<\/h2>\n<p>T\u00fcrkiye&#8217;deki kaplamalar, g\u00fcl\u00fc\u015f\u00fcn\u00fcz\u00fc m\u00fckemmelle\u015ftirmek i\u00e7in ideal bir \u00e7\u00f6z\u00fcmd\u00fcr. Bu ince porselen veya kompozit re\u00e7ine kaplamalar, di\u015flerinizin \u00f6n y\u00fczeyini kaplayarak renk bozulmalar\u0131, k\u0131r\u0131klar veya bo\u015fluklar gibi \u00e7e\u015fitli kusurlar\u0131 d\u00fczeltmek i\u00e7in \u00f6zel olarak \u00fcretilir. Majestic Klinik G\u00fcl\u00fc\u015f\u00fc&#8217;ndeki uzman ekibimiz, <a href=\"https:\/\/g.co\/kgs\/gVFjeo3\" rel=\"nofollow\">\u0130stanbul&#8217;da di\u015f kaplama<\/a> tedavileri konusunda uzmanla\u015fm\u0131\u015f olup, bireysel ihtiya\u00e7lar\u0131n\u0131z\u0131 ve tercihlerinizi kar\u015f\u0131lamak i\u00e7in ki\u015fiye \u00f6zel tedaviler sunar.  <\/p>\n<h2>Majestic Klinik G\u00fcl\u00fc\u015f\u00fc\u2019n\u00fc Tercih Etmenin Avantajlar\u0131:<\/h2>\n<p><strong>Uzman Ekip:<\/strong> Deneyimli di\u015f hekimlerimiz, en son teknikleri ve teknolojiyi kullanarak size en iyi bak\u0131m\u0131 sunar. <br \/><strong>Modern Tesis:<\/strong> Klini\u011fimiz, modern di\u015f ekipmanlar\u0131 ve konforlu olanaklarla donat\u0131lm\u0131\u015f olup, ziyaretinizi m\u00fcmk\u00fcn oldu\u011funca keyifli hale getirir. <br \/><strong>Ki\u015fiye \u00d6zel Bak\u0131m:<\/strong> \u0130htiya\u00e7lar\u0131n\u0131z\u0131 \u00f6n planda tutuyor ve istedi\u011finiz g\u00fcl\u00fc\u015fe ula\u015fman\u0131z i\u00e7in sizinle yak\u0131n bir i\u015fbirli\u011fi i\u00e7inde \u00e7al\u0131\u015f\u0131yoruz.<\/p>\n<p><a href=\"https:\/\/api.whatsapp.com\/send?phone=905333963368\" rel=\"nofollow noopener\" target=\"_blank\"><em><strong>Dan\u0131\u015fmanl\u0131\u011f\u0131n\u0131z\u0131 Bug\u00fcn Ay\u0131rt\u0131n!<\/strong><\/em><\/a><\/p>\n<h2>T\u00fcrkiye&#8217;de Tam Di\u015f Kaplamalar\u0131<\/h2>\n<p><a href=\"https:\/\/g.co\/kgs\/gVFjeo3\" rel=\"nofollow\">Klini\u011fimizde<\/a> T\u00fcrkiye di\u015f kaplamalar\u0131n\u0131 tercih etmek, kalite ve uygun fiyat\u0131 se\u00e7mek demektir. <a href=\"https:\/\/api.whatsapp.com\/send?phone=905333963368\" rel=\"nofollow noopener\" target=\"_blank\">Di\u015f kaplamalar\u0131m\u0131z, <\/a>en kaliteli malzemeler kullan\u0131larak \u00fcretilir ve do\u011fal g\u00f6r\u00fcn\u00fcml\u00fc sonu\u00e7lar sa\u011flar, bu sonu\u00e7lar uzun y\u0131llar boyunca dayan\u0131kl\u0131d\u0131r. \u0130stanbul&#8217;daki di\u015f kaplama uzmanl\u0131\u011f\u0131m\u0131zla, sizi parlak bir g\u00fcl\u00fc\u015fle b\u0131rakacak, d\u00f6n\u00fc\u015f\u00fcm sa\u011flayan bir deneyim garanti ediyoruz.  <\/p>\n<h3><strong>Neden T\u00fcrkiye&#8217;deki Majestic Klinik?<\/strong><\/h3>\n<p>T\u00fcrkiye, \u00f6zellikle di\u015f kaplama gibi i\u015flemler i\u00e7in di\u015f turizmi a\u00e7\u0131s\u0131ndan aranan bir destinasyon haline gelmi\u015ftir. T\u00fcrk di\u015f kaplamalar\u0131n\u0131n pop\u00fclerlik kazanmas\u0131yla, bir\u00e7ok hasta rekabet\u00e7i fiyatlarla sunulan \u00fcst\u00fcn kalite nedeniyle hizmetlerimizi tercih etmektedir. \u0130lk an\u0131n\u0131zdan itibaren, g\u00fcler y\u00fczl\u00fc ekibimiz tedavinizin sorunsuz, konforlu ve ihtiya\u00e7lar\u0131n\u0131za uygun \u015fekilde ger\u00e7ekle\u015fmesini sa\u011flayacakt\u0131r.  <\/p>\n<p><a href=\"https:\/\/api.whatsapp.com\/send?phone=905333963368\" rel=\"nofollow noopener\" target=\"_blank\"><strong>\u00dccretsiz Dan\u0131\u015fmanl\u0131k \u0130\u00e7in Bize Ula\u015f\u0131n!<\/strong><\/a><\/p>\n<p><strong>Uygun Lokasyon<\/strong><\/p>\n<p>Beyo\u011flu&#8217;ndaki \u0130stanbul di\u015f kaplama klini\u011fimiz kolayca ula\u015f\u0131labilir olup, hem yerel halk hem de ziyaret\u00e7iler i\u00e7in ideal bir tercih sunmaktad\u0131r. E\u011fer &#8220;yak\u0131n\u0131mda di\u015f kaplamas\u0131&#8221; veya &#8220;b\u00f6lgenizde di\u015f kaplamalar\u0131&#8221; ar\u0131yorsan\u0131z, daha fazla araman\u0131za gerek yok! At <a href=\"https:\/\/api.whatsapp.com\/send?phone=905333963368\" rel=\"nofollow noopener\" target=\"_blank\">Majestic Clinic Smile<\/a>, we are dedicated to providing comprehensive dental care and beautiful results right here in Istanbul.<\/p>\n<p>Hayalinizdeki g\u00fcl\u00fc\u015f sadece bir randevu uza\u011f\u0131n\u0131zda. T\u00fcrkiye&#8217;deki di\u015f kaplamalar\u0131yla ilgileniyorsan\u0131z veya prosed\u00fcrle ilgili sorular\u0131n\u0131z varsa, ekibimiz size yard\u0131mc\u0131 olmaya haz\u0131r. <\/p>\n<p><a href=\"https:\/\/api.whatsapp.com\/send?phone=905333963368\" rel=\"nofollow noopener\" target=\"_blank\"><strong>Randevunuzu Hemen Planlay\u0131n!<\/strong><\/a><\/p>\n\t\t\t\t\t\t\t\t<\/div>\n\t\t\t\t<\/div>\n\t\t\t\t<\/div>\n\t\t\t\t<\/div>\n\t\t\t\t<\/div>\n\t\t<div class=\"elementor-element elementor-element-f539213 e-con-full e-flex e-con e-parent\" data-id=\"f539213\" data-element_type=\"container\" data-settings=\"{&quot;ekit_has_onepagescroll_dot&quot;:&quot;yes&quot;}\">\n\t\t<div class=\"elementor-element elementor-element-a174baf e-con-full e-flex e-con e-child\" data-id=\"a174baf\" data-element_type=\"container\" data-settings=\"{&quot;background_background&quot;:&quot;classic&quot;,&quot;ekit_has_onepagescroll_dot&quot;:&quot;yes&quot;}\">\n\t\t<div class=\"elementor-element elementor-element-0054371 e-con-full e-flex e-con e-child\" data-id=\"0054371\" data-element_type=\"container\" data-settings=\"{&quot;ekit_has_onepagescroll_dot&quot;:&quot;yes&quot;}\">\n\t\t\t\t<div class=\"elementor-element elementor-element-2e82b91 elementor-widget elementor-widget-heading\" data-id=\"2e82b91\" data-element_type=\"widget\" data-settings=\"{&quot;ekit_we_effect_on&quot;:&quot;none&quot;}\" data-widget_type=\"heading.default\">\n\t\t\t\t<div class=\"elementor-widget-container\">\n\t\t\t\t\t<h2 class=\"elementor-heading-title elementor-size-default\">\u00d6zel Teklif<\/h2>\t\t\t\t<\/div>\n\t\t\t\t<\/div>\n\t\t\t\t<div class=\"elementor-element elementor-element-45a6fcd elementor-widget elementor-widget-heading\" data-id=\"45a6fcd\" data-element_type=\"widget\" data-settings=\"{&quot;ekit_we_effect_on&quot;:&quot;none&quot;}\" data-widget_type=\"heading.default\">\n\t\t\t\t<div class=\"elementor-widget-container\">\n\t\t\t\t\t<h2 class=\"elementor-heading-title elementor-size-default\">\u00dccretsiz Sa\u011fl\u0131k Kontrol\u00fc Al\u0131n<\/h2>\t\t\t\t<\/div>\n\t\t\t\t<\/div>\n\t\t\t\t<div class=\"elementor-element elementor-element-313f3cb elementor-mobile-align-center elementor-widget elementor-widget-button\" data-id=\"313f3cb\" data-element_type=\"widget\" data-settings=\"{&quot;ekit_we_effect_on&quot;:&quot;none&quot;}\" data-widget_type=\"button.default\">\n\t\t\t\t<div class=\"elementor-widget-container\">\n\t\t\t\t\t\t\t\t\t<div class=\"elementor-button-wrapper\">\n\t\t\t\t\t<a class=\"elementor-button elementor-button-link elementor-size-sm\" href=\"https:\/\/api.whatsapp.com\/send?phone=905333963368\" rel=\"nofollow noopener\" target=\"_blank\">\n\t\t\t\t\t\t<span class=\"elementor-button-content-wrapper\">\n\t\t\t\t\t\t\t\t\t<span class=\"elementor-button-text\">\u015eimdi Rezervasyon Yap\u0131n<\/span>\n\t\t\t\t\t<\/span>\n\t\t\t\t\t<\/a>\n\t\t\t\t<\/div>\n\t\t\t\t\t\t\t\t<\/div>\n\t\t\t\t<\/div>\n\t\t\t\t<\/div>\n\t\t<div class=\"elementor-element elementor-element-4356fc6 e-flex e-con-boxed e-con e-child\" data-id=\"4356fc6\" data-element_type=\"container\" data-settings=\"{&quot;ekit_has_onepagescroll_dot&quot;:&quot;yes&quot;}\">\n\t\t\t\t\t<div class=\"e-con-inner\">\n\t\t\t\t<div class=\"elementor-element elementor-element-e2f6932 elementor-widget elementor-widget-image\" data-id=\"e2f6932\" data-element_type=\"widget\" data-settings=\"{&quot;ekit_we_effect_on&quot;:&quot;none&quot;}\" data-widget_type=\"image.default\">\n\t\t\t\t<div class=\"elementor-widget-container\">\n\t\t\t\t\t\t\t\t\t\t\t\t\t\t\t<img decoding=\"async\" width=\"394\" height=\"365\" src=\"https:\/\/majesticclinicsmile.com\/wp-content\/uploads\/2024\/08\/clock-pic.webp\" class=\"attachment-large size-large wp-image-226\" alt=\"Treatment\" srcset=\"https:\/\/majesticclinicsmile.com\/wp-content\/uploads\/2024\/08\/clock-pic.webp 394w, https:\/\/majesticclinicsmile.com\/wp-content\/uploads\/2024\/08\/clock-pic-300x278.webp 300w\" sizes=\"(max-width: 394px) 100vw, 394px\" title=\"\">\t\t\t\t\t\t\t\t\t\t\t\t\t\t\t<\/div>\n\t\t\t\t<\/div>\n\t\t\t\t\t<\/div>\n\t\t\t\t<\/div>\n\t\t\t\t<\/div>\n\t\t\t\t<\/div>\n\t\t\t\t<\/div>\n\t\t","protected":false},"excerpt":{"rendered":"<p>\u0130stanbul&#8217;daki Di\u015f Kaplama Klini\u011fi Majestic Klinik G\u00fcl\u00fc\u015f\u00fc&#8217;ne ho\u015f geldiniz! \u0130stanbul&#8217;un g\u00fcvenilir di\u015f kaplama klini\u011fi olarak, y\u00fcksek kaliteli di\u015f kaplamalar\u0131 ile g\u00fczel ve g\u00fcven dolu g\u00fcl\u00fc\u015fler yaratmaya odaklan\u0131yoruz. \u0130stanbul&#8217;un canl\u0131 Beyo\u011flu b\u00f6lgesinde bulunan klini\u011fimiz, Avrupa standartlar\u0131na uygun estetik di\u015f hekimli\u011fi hizmetleri sunarak g\u00fcvenli\u011finizi ve memnuniyetinizi garanti eder. Neden Di\u015f Kaplamalar\u0131n\u0131 Tercih Etmelisiniz? T\u00fcrkiye&#8217;deki kaplamalar, g\u00fcl\u00fc\u015f\u00fcn\u00fcz\u00fc m\u00fckemmelle\u015ftirmek [&hellip;]<\/p>\n","protected":false},"author":2,"featured_media":0,"parent":0,"menu_order":0,"comment_status":"closed","ping_status":"closed","template":"","meta":{"_acf_changed":false,"inline_featured_image":false,"footnotes":""},"class_list":["post-3155","page","type-page","status-publish","hentry"],"acf":[],"_links":{"self":[{"href":"https:\/\/majesticclinicsmile.com\/tr\/wp-json\/wp\/v2\/pages\/3155","targetHints":{"allow":["GET"]}}],"collection":[{"href":"https:\/\/majesticclinicsmile.com\/tr\/wp-json\/wp\/v2\/pages"}],"about":[{"href":"https:\/\/majesticclinicsmile.com\/tr\/wp-json\/wp\/v2\/types\/page"}],"author":[{"embeddable":true,"href":"https:\/\/majesticclinicsmile.com\/tr\/wp-json\/wp\/v2\/users\/2"}],"replies":[{"embeddable":true,"href":"https:\/\/majesticclinicsmile.com\/tr\/wp-json\/wp\/v2\/comments?post=3155"}],"version-history":[{"count":1,"href":"https:\/\/majesticclinicsmile.com\/tr\/wp-json\/wp\/v2\/pages\/3155\/revisions"}],"predecessor-version":[{"id":3156,"href":"https:\/\/majesticclinicsmile.com\/tr\/wp-json\/wp\/v2\/pages\/3155\/revisions\/3156"}],"wp:attachment":[{"href":"https:\/\/majesticclinicsmile.com\/tr\/wp-json\/wp\/v2\/media?parent=3155"}],"curies":[{"name":"wp","href":"https:\/\/api.w.org\/{rel}","templated":true}]}}