{"id":3180,"date":"2024-09-26T19:25:24","date_gmt":"2024-09-26T17:25:24","guid":{"rendered":"https:\/\/majesticclinicsmile.com\/dis-beyazlatma\/"},"modified":"2024-10-14T11:34:51","modified_gmt":"2024-10-14T09:34:51","slug":"dis-beyazlatma","status":"publish","type":"page","link":"https:\/\/majesticclinicsmile.com\/tr\/dis-beyazlatma\/","title":{"rendered":"Di\u015f Beyazlatma"},"content":{"rendered":"\t\t<div data-elementor-type=\"wp-page\" data-elementor-id=\"3180\" class=\"elementor elementor-3180 elementor-2586\" data-elementor-settings=\"{&quot;ha_cmc_init_switcher&quot;:&quot;no&quot;}\" data-elementor-post-type=\"page\">\n\t\t\t\t<div class=\"elementor-element elementor-element-9ed9f46 e-con-full e-flex e-con e-parent\" data-id=\"9ed9f46\" data-element_type=\"container\" data-settings=\"{&quot;ekit_has_onepagescroll_dot&quot;:&quot;yes&quot;}\">\n\t\t<div class=\"elementor-element elementor-element-cee116f e-con-full e-flex e-con e-child\" data-id=\"cee116f\" data-element_type=\"container\" data-settings=\"{&quot;background_background&quot;:&quot;classic&quot;,&quot;ekit_has_onepagescroll_dot&quot;:&quot;yes&quot;}\">\n\t\t<div class=\"elementor-element elementor-element-895a122 e-con-full animated-slow e-flex e-con e-child\" data-id=\"895a122\" data-element_type=\"container\" data-settings=\"{&quot;animation&quot;:&quot;none&quot;,&quot;ekit_has_onepagescroll_dot&quot;:&quot;yes&quot;}\">\n\t\t\t\t<div class=\"elementor-element elementor-element-06e5077 elementor-widget elementor-widget-heading\" data-id=\"06e5077\" data-element_type=\"widget\" data-settings=\"{&quot;ekit_we_effect_on&quot;:&quot;none&quot;}\" data-widget_type=\"heading.default\">\n\t\t\t\t<div class=\"elementor-widget-container\">\n\t\t\t\t\t<h1 class=\"elementor-heading-title elementor-size-default\">\u0130stanbul Di\u015f Beyazlatma <\/h1>\t\t\t\t<\/div>\n\t\t\t\t<\/div>\n\t\t\t\t<div class=\"elementor-element elementor-element-5ca4fd3 elementor-widget elementor-widget-text-editor\" data-id=\"5ca4fd3\" data-element_type=\"widget\" data-settings=\"{&quot;ekit_we_effect_on&quot;:&quot;none&quot;}\" data-widget_type=\"text-editor.default\">\n\t\t\t\t<div class=\"elementor-widget-container\">\n\t\t\t\t\t\t\t\t\t<p><img fetchpriority=\"high\" decoding=\"async\" class=\"aligncenter wp-image-2800 size-full\" src=\"https:\/\/majesticclinicsmile.com\/wp-content\/uploads\/2024\/09\/Teeth-Whitening-Istanbul-Turkey-Istanbul-Dental-Teeth-Whitening-Clinic.jpg\" alt=\"\u0130stanbul Di\u015f Beyazlatma, T\u00fcrkiye | \u0130stanbul Di\u015f Beyazlatma Klini\u011fi - Majestic Clinic Smile\" width=\"1024\" height=\"543\" title=\"\" srcset=\"https:\/\/majesticclinicsmile.com\/wp-content\/uploads\/2024\/09\/Teeth-Whitening-Istanbul-Turkey-Istanbul-Dental-Teeth-Whitening-Clinic.jpg 1024w, https:\/\/majesticclinicsmile.com\/wp-content\/uploads\/2024\/09\/Teeth-Whitening-Istanbul-Turkey-Istanbul-Dental-Teeth-Whitening-Clinic-300x159.jpg 300w, https:\/\/majesticclinicsmile.com\/wp-content\/uploads\/2024\/09\/Teeth-Whitening-Istanbul-Turkey-Istanbul-Dental-Teeth-Whitening-Clinic-768x407.jpg 768w\" sizes=\"(max-width: 1024px) 100vw, 1024px\" \/><\/p>\n<p>Profesyonel bir \u0130stanbul di\u015f beyazlatma tedavisiyle g\u00fcl\u00fc\u015f\u00fcn\u00fcz\u00fc d\u00f6n\u00fc\u015ft\u00fcrmek mi istiyorsunuz? <a href=\"https:\/\/g.co\/kgs\/gVFjeo3\" rel=\"nofollow\">Majestic Clinic <\/a>\u2019dan ba\u015fka bir yere bakmay\u0131n, <a href=\"https:\/\/api.whatsapp.com\/send?phone=905333963368\" rel=\"nofollow noopener\" target=\"_blank\">\u0130stanbul&#8217;daki g\u00fcvenilir di\u015f beyazlatma klini\u011finiz.<\/a> En son teknoloji ve Avrupa standartlar\u0131n\u0131 kullanarak \u0130stanbul\u2019da y\u00fcksek kaliteli di\u015f beyazlatma hizmeti sunuyoruz.  <\/p>\n<h2><strong>Neden Majestic Clinic Smile&#8217;\u0131 Se\u00e7melisiniz?<\/strong><\/h2>\n<ul>\n<li><strong>Uzman Di\u015f Hekimleri: <\/strong>Deneyimli di\u015f hekimlerimiz, <a href=\"https:\/\/g.co\/kgs\/gVFjeo3\" rel=\"nofollow\">\u0130stanbul\u2019da g\u00fcvenli ve etkili di\u015f beyazlatma hizmetleri <\/a>sunmaya kendini adam\u0131\u015ft\u0131r. En parlak sonu\u00e7lar\u0131 elde etmek i\u00e7in yaln\u0131zca en iyi malzemeleri ve teknikleri kullan\u0131yoruz. <\/li>\n<li><strong>Ki\u015fiselle\u015ftirilmi\u015f Tedavi<\/strong>: Her hastan\u0131n benzersiz oldu\u011funu biliyoruz. Bu y\u00fczden \u0130stanbul\u2019da, ihtiya\u00e7lar\u0131n\u0131za ve hedeflerinize uygun olarak ki\u015fiselle\u015ftirilmi\u015f di\u015f beyazlatma hizmetleri sunuyoruz. <\/li>\n<li><strong>Uygun Konum: <\/strong>Beyo\u011flu\/\u0130stanbul\u2019un kalbinde yer alan klini\u011fimiz, &#8220;bana yak\u0131n di\u015f beyazlatma&#8221; aray\u0131\u015f\u0131nda olanlar i\u00e7in kolayca ula\u015f\u0131labilir bir konumdad\u0131r.<\/li>\n<li><strong>Uygun Fiyatland\u0131rma:<\/strong> \u0130stanbul&#8217;daki di\u015f beyazlatma hizmetlerimizde, kaliteden \u00f6d\u00fcn vermeden rekabet\u00e7i fiyatlar sunuyoruz.<\/li>\n<\/ul>\n<h3><strong>Neler Beklemelisiniz:<\/strong><\/h3>\n<p>\u0130stanbul&#8217;daki di\u015f beyazlatma <a href=\"https:\/\/majesticclinicsmile.com\/tr\/tedavi\/\">prosed\u00fcr\u00fcm\u00fcz<\/a> h\u0131zl\u0131 ve konforludur. G\u00fcler y\u00fczl\u00fc ekibimiz sizi kar\u015f\u0131layacak ve s\u00fcre\u00e7 hakk\u0131nda ayr\u0131nt\u0131l\u0131 bilgi verecektir. Di\u015flerinizi dikkatlice de\u011ferlendirecek ve istedi\u011finiz sonucu tart\u0131\u015faca\u011f\u0131z. Ard\u0131ndan ekibimiz, g\u00fcl\u00fc\u015f\u00fcn\u00fcz\u00fc birka\u00e7 ton a\u00e7mak i\u00e7in \u0130stanbul\u2019daki g\u00fcvenli ve etkili di\u015f beyazlatma y\u00f6ntemini uygulayacakt\u0131r.   <\/p>\n<h3><strong>G\u00fcl\u00fc\u015f\u00fcn\u00fcz\u00fc D\u00f6n\u00fc\u015ft\u00fcrmeye Haz\u0131r m\u0131s\u0131n\u0131z?<\/strong><\/h3>\n<p><a href=\"https:\/\/api.whatsapp.com\/send?phone=905333963368\" rel=\"nofollow noopener\" target=\"_blank\">Bug\u00fcn Majestic Clinic Smile ile ileti\u015fime ge\u00e7in, bir dan\u0131\u015fma randevusu al\u0131n<\/a> ve <a href=\"https:\/\/majesticclinicsmile.com\/tr\/bize-ulasin\/\">\u0130stanbul&#8217;daki di\u015f beyazlatma ihtiya\u00e7lar\u0131n\u0131z\u0131 g\u00f6r\u00fc\u015f\u00fcn!<\/a><\/p>\n<p><em><strong><a href=\"https:\/\/api.whatsapp.com\/send?phone=905333963368\" rel=\"nofollow noopener\" target=\"_blank\">\u00dccretsiz dan\u0131\u015fma randevusu almak i\u00e7in buraya t\u0131klay\u0131n!<\/a><\/strong><\/em><\/p>\n<h2><strong>Majestic Clinic \u2019da \u0130stanbul\u2019da Di\u015f Beyazlatman\u0131n Faydalar\u0131 Nelerdir?<\/strong><\/h2>\n<p><strong>Artan \u00d6zg\u00fcven:<\/strong> Daha parlak bir g\u00fcl\u00fc\u015f, \u00f6zsayg\u0131n\u0131z\u0131 art\u0131rabilir ve kendinizi daha \u00f6zg\u00fcvenli hissetmenizi sa\u011flar.<br \/><strong>Geli\u015fmi\u015f G\u00f6r\u00fcn\u00fcm<\/strong>: \u0130stanbul\u2019da di\u015f beyazlatma, genel g\u00f6r\u00fcn\u00fcm\u00fcn\u00fcz\u00fc iyile\u015ftirir ve sizi daha gen\u00e7 g\u00f6sterebilir.<br \/><strong>Uzun S\u00fcreli Sonu\u00e7lar:<\/strong> Do\u011fru bak\u0131m ile \u0130stanbul\u2019da di\u015f beyazlatma sonu\u00e7lar\u0131n\u0131z y\u0131llarca kal\u0131c\u0131 olabilir.<\/p>\n<h3><strong>Bana Yak\u0131n Di\u015f Beyazlatma m\u0131 Ar\u0131yorsunuz?<\/strong><\/h3>\n<p><img decoding=\"async\" class=\"aligncenter wp-image-2805 size-full\" src=\"https:\/\/majesticclinicsmile.com\/wp-content\/uploads\/2024\/09\/Are-you-Looking-for-Teeth-Whitening-Near-You.jpg\" alt=\"Bana Yak\u0131n Di\u015f Beyazlatma m\u0131 Ar\u0131yorsunuz\" width=\"1024\" height=\"543\" title=\"\" srcset=\"https:\/\/majesticclinicsmile.com\/wp-content\/uploads\/2024\/09\/Are-you-Looking-for-Teeth-Whitening-Near-You.jpg 1024w, https:\/\/majesticclinicsmile.com\/wp-content\/uploads\/2024\/09\/Are-you-Looking-for-Teeth-Whitening-Near-You-300x159.jpg 300w, https:\/\/majesticclinicsmile.com\/wp-content\/uploads\/2024\/09\/Are-you-Looking-for-Teeth-Whitening-Near-You-768x407.jpg 768w\" sizes=\"(max-width: 1024px) 100vw, 1024px\" \/><\/p>\n<p><a href=\"https:\/\/majesticclinicsmile.com\/tr\/\">Majestic Clinic,<\/a> <a href=\"https:\/\/majesticclinicsmile.com\/tr\/bize-ulasin\/\">\u0130stanbul\u2019daki t\u00fcm di\u015f beyazlatma<\/a> ihtiya\u00e7lar\u0131n\u0131z i\u00e7in tek adresiniz. Deneyimli ve uzman di\u015f hekimlerimiz taraf\u0131ndan ger\u00e7ekle\u015ftirilen en y\u00fcksek kalitede hizmetleri, rekabet\u00e7i fiyatlarla sunuyoruz. <\/p>\n<p><a href=\"https:\/\/api.whatsapp.com\/send?phone=905333963368\" rel=\"nofollow noopener\" target=\"_blank\"><em><strong>\u0130stanbul\u2019daki di\u015f beyazlatma hizmetlerimiz i\u00e7in fiyat teklifi al\u0131n.<\/strong><\/em><\/a><\/p>\n<h3><strong>Neden Di\u015f Beyazlatma \u0130\u00e7in Majestic Clinic Smile&#8217;\u0131 Tercih Etmelisiniz?<\/strong><\/h3>\n<p>Hastalar\u0131m\u0131za konforlu ve keyifli bir deneyim sunma taahh\u00fcd\u00fcm\u00fczle gurur duyuyoruz. Herkesin g\u00fczel ve sa\u011fl\u0131kl\u0131 bir g\u00fcl\u00fc\u015f\u00fc hak etti\u011fine inan\u0131yoruz. Ekibimiz, her ziyarette beklentilerinizi a\u015fmak i\u00e7in \u00f6zveriyle \u00e7al\u0131\u015fmaktad\u0131r.  <\/p>\n<p><em><strong><a href=\"https:\/\/majesticclinicsmile.com\/tr\/\">Majestic Clinic<\/a> fark\u0131n\u0131 deneyimlemek i\u00e7in<a href=\"https:\/\/g.co\/kgs\/gVFjeo3\" rel=\"nofollow\"> klini\u011fimizi ziyaret edin.<\/a><\/strong><\/em><\/p>\n<p><a href=\"https:\/\/api.whatsapp.com\/send?phone=905333963368\" rel=\"nofollow noopener\" target=\"_blank\">Bug\u00fcn bizimle ileti\u015fime ge\u00e7in, bir dan\u0131\u015fma randevusu ayarlay\u0131n<\/a> ve daha parlak ve \u00f6zg\u00fcven dolu bir g\u00fcl\u00fc\u015fe giden yolculu\u011funuza ba\u015flay\u0131n!<\/p>\n\t\t\t\t\t\t\t\t<\/div>\n\t\t\t\t<\/div>\n\t\t\t\t<\/div>\n\t\t\t\t<\/div>\n\t\t\t\t<\/div>\n\t\t<div class=\"elementor-element elementor-element-f539213 e-con-full e-flex e-con e-parent\" data-id=\"f539213\" data-element_type=\"container\" data-settings=\"{&quot;ekit_has_onepagescroll_dot&quot;:&quot;yes&quot;}\">\n\t\t<div class=\"elementor-element elementor-element-a174baf e-con-full e-flex e-con e-child\" data-id=\"a174baf\" data-element_type=\"container\" data-settings=\"{&quot;background_background&quot;:&quot;classic&quot;,&quot;ekit_has_onepagescroll_dot&quot;:&quot;yes&quot;}\">\n\t\t<div class=\"elementor-element elementor-element-0054371 e-con-full e-flex e-con e-child\" data-id=\"0054371\" data-element_type=\"container\" data-settings=\"{&quot;ekit_has_onepagescroll_dot&quot;:&quot;yes&quot;}\">\n\t\t\t\t<div class=\"elementor-element elementor-element-2e82b91 elementor-widget elementor-widget-heading\" data-id=\"2e82b91\" data-element_type=\"widget\" data-settings=\"{&quot;ekit_we_effect_on&quot;:&quot;none&quot;}\" data-widget_type=\"heading.default\">\n\t\t\t\t<div class=\"elementor-widget-container\">\n\t\t\t\t\t<h2 class=\"elementor-heading-title elementor-size-default\">\u00d6zel Teklif<\/h2>\t\t\t\t<\/div>\n\t\t\t\t<\/div>\n\t\t\t\t<div class=\"elementor-element elementor-element-45a6fcd elementor-widget elementor-widget-heading\" data-id=\"45a6fcd\" data-element_type=\"widget\" data-settings=\"{&quot;ekit_we_effect_on&quot;:&quot;none&quot;}\" data-widget_type=\"heading.default\">\n\t\t\t\t<div class=\"elementor-widget-container\">\n\t\t\t\t\t<h2 class=\"elementor-heading-title elementor-size-default\">\u00dccretsiz Sa\u011fl\u0131k Kontrol\u00fc Al\u0131n<\/h2>\t\t\t\t<\/div>\n\t\t\t\t<\/div>\n\t\t\t\t<div class=\"elementor-element elementor-element-313f3cb elementor-mobile-align-center elementor-widget elementor-widget-button\" data-id=\"313f3cb\" data-element_type=\"widget\" data-settings=\"{&quot;ekit_we_effect_on&quot;:&quot;none&quot;}\" data-widget_type=\"button.default\">\n\t\t\t\t<div class=\"elementor-widget-container\">\n\t\t\t\t\t\t\t\t\t<div class=\"elementor-button-wrapper\">\n\t\t\t\t\t<a class=\"elementor-button elementor-button-link elementor-size-sm\" href=\"https:\/\/api.whatsapp.com\/send?phone=905333963368\" rel=\"nofollow noopener\" target=\"_blank\">\n\t\t\t\t\t\t<span class=\"elementor-button-content-wrapper\">\n\t\t\t\t\t\t\t\t\t<span class=\"elementor-button-text\">\u015eimdi Rezervasyon Yap\u0131n<\/span>\n\t\t\t\t\t<\/span>\n\t\t\t\t\t<\/a>\n\t\t\t\t<\/div>\n\t\t\t\t\t\t\t\t<\/div>\n\t\t\t\t<\/div>\n\t\t\t\t<\/div>\n\t\t<div class=\"elementor-element elementor-element-4356fc6 e-flex e-con-boxed e-con e-child\" data-id=\"4356fc6\" data-element_type=\"container\" data-settings=\"{&quot;ekit_has_onepagescroll_dot&quot;:&quot;yes&quot;}\">\n\t\t\t\t\t<div class=\"e-con-inner\">\n\t\t\t\t<div class=\"elementor-element elementor-element-e2f6932 elementor-widget elementor-widget-image\" data-id=\"e2f6932\" data-element_type=\"widget\" data-settings=\"{&quot;ekit_we_effect_on&quot;:&quot;none&quot;}\" data-widget_type=\"image.default\">\n\t\t\t\t<div class=\"elementor-widget-container\">\n\t\t\t\t\t\t\t\t\t\t\t\t\t\t\t<img decoding=\"async\" width=\"394\" height=\"365\" src=\"https:\/\/majesticclinicsmile.com\/wp-content\/uploads\/2024\/08\/clock-pic.webp\" class=\"attachment-large size-large wp-image-226\" alt=\"Treatment\" srcset=\"https:\/\/majesticclinicsmile.com\/wp-content\/uploads\/2024\/08\/clock-pic.webp 394w, https:\/\/majesticclinicsmile.com\/wp-content\/uploads\/2024\/08\/clock-pic-300x278.webp 300w\" sizes=\"(max-width: 394px) 100vw, 394px\" title=\"\">\t\t\t\t\t\t\t\t\t\t\t\t\t\t\t<\/div>\n\t\t\t\t<\/div>\n\t\t\t\t\t<\/div>\n\t\t\t\t<\/div>\n\t\t\t\t<\/div>\n\t\t\t\t<\/div>\n\t\t\t\t<\/div>\n\t\t","protected":false},"excerpt":{"rendered":"<p>\u0130stanbul Di\u015f Beyazlatma Profesyonel bir \u0130stanbul di\u015f beyazlatma tedavisiyle g\u00fcl\u00fc\u015f\u00fcn\u00fcz\u00fc d\u00f6n\u00fc\u015ft\u00fcrmek mi istiyorsunuz? Majestic Clinic \u2019dan ba\u015fka bir yere bakmay\u0131n, \u0130stanbul&#8217;daki g\u00fcvenilir di\u015f beyazlatma klini\u011finiz. En son teknoloji ve Avrupa standartlar\u0131n\u0131 kullanarak \u0130stanbul\u2019da y\u00fcksek kaliteli di\u015f beyazlatma hizmeti sunuyoruz. Neden Majestic Clinic Smile&#8217;\u0131 Se\u00e7melisiniz? Uzman Di\u015f Hekimleri: Deneyimli di\u015f hekimlerimiz, \u0130stanbul\u2019da g\u00fcvenli ve etkili di\u015f [&hellip;]<\/p>\n","protected":false},"author":2,"featured_media":0,"parent":0,"menu_order":0,"comment_status":"closed","ping_status":"closed","template":"","meta":{"_acf_changed":false,"inline_featured_image":false,"footnotes":""},"class_list":["post-3180","page","type-page","status-publish","hentry"],"acf":[],"_links":{"self":[{"href":"https:\/\/majesticclinicsmile.com\/tr\/wp-json\/wp\/v2\/pages\/3180","targetHints":{"allow":["GET"]}}],"collection":[{"href":"https:\/\/majesticclinicsmile.com\/tr\/wp-json\/wp\/v2\/pages"}],"about":[{"href":"https:\/\/majesticclinicsmile.com\/tr\/wp-json\/wp\/v2\/types\/page"}],"author":[{"embeddable":true,"href":"https:\/\/majesticclinicsmile.com\/tr\/wp-json\/wp\/v2\/users\/2"}],"replies":[{"embeddable":true,"href":"https:\/\/majesticclinicsmile.com\/tr\/wp-json\/wp\/v2\/comments?post=3180"}],"version-history":[{"count":1,"href":"https:\/\/majesticclinicsmile.com\/tr\/wp-json\/wp\/v2\/pages\/3180\/revisions"}],"predecessor-version":[{"id":3181,"href":"https:\/\/majesticclinicsmile.com\/tr\/wp-json\/wp\/v2\/pages\/3180\/revisions\/3181"}],"wp:attachment":[{"href":"https:\/\/majesticclinicsmile.com\/tr\/wp-json\/wp\/v2\/media?parent=3180"}],"curies":[{"name":"wp","href":"https:\/\/api.w.org\/{rel}","templated":true}]}}